{"id":5574,"date":"2023-07-09T19:24:24","date_gmt":"2023-07-09T19:24:24","guid":{"rendered":"https:\/\/hmlartist.com\/?post_type=product&#038;p=5574"},"modified":"2024-04-01T23:07:50","modified_gmt":"2024-04-01T23:07:50","slug":"shyness","status":"publish","type":"product","link":"https:\/\/hmlartist.com\/fr\/product\/shyness\/","title":{"rendered":"Shyness"},"content":{"rendered":"<p><span style=\"font-weight: 400;\"><span style=\"color: #ebe9cf;\"><strong>Technique<\/strong> <\/span> Peinture \u00e0 l\u2019huile sur toile\u00a0<\/span><\/p>\n<p><span style=\"font-weight: 400;\"><span style=\"font-weight: 400; color: #ebe9cf;\"><strong>Dimensions<\/strong><\/span> : 120 x 100 cm<\/span><\/p>\n<p><span style=\"font-weight: 400;\"><strong><span style=\"color: #ebe9cf;\">Support<\/span> <\/strong>Toile en coton pr\u00e9par\u00e9e \u00e0 la main\u00a0<\/span><\/p>\n<p><span style=\"font-weight: 400;\"><strong><span style=\"color: #ebe9cf;\">Encadrement<\/span><\/strong> Ch\u00e2ssis en bois solide\u00a0<\/span><\/p>\n<p><span style=\"font-weight: 400;\"><strong><span style=\"color: #ebe9cf;\">Signature<\/span><\/strong> Oeuvre unique, originale, d\u00e9livr\u00e9e avec certificat d\u2019authenticit\u00e9<\/span><\/p>\n<p><span style=\"font-weight: 400;\"><span style=\"font-weight: 400; color: #ebe9cf;\"><strong>Ann\u00e9e de cr\u00e9ation<\/strong><\/span> : 2023<\/span><\/p>\n<p>&nbsp;<\/p>\n<p>&nbsp;<\/p>","protected":false},"excerpt":{"rendered":"<p style=\"text-align: justify;\"><span style=\"font-weight: 400;\">Dans ce tableau artistique vibrant de couleurs, une femme se tient avec timidit\u00e9 et gr\u00e2ce au bord d'un lac scintillant. Les formes fragment\u00e9es et les teintes audacieuses s'entrelacent, refl\u00e9tant l'\u00e9motion et la d\u00e9licatesse de l'instant. La femme, essayant de toucher l'eau du lac avec une douceur troublante, incarne une harmonie entre sa pr\u00e9sence d\u00e9licate et la beaut\u00e9 de la nature qui l'entoure, capturant ainsi un moment d'intimit\u00e9 et de connexion avec le monde ext\u00e9rieur.<\/span><\/p>\n<p><span style=\"color: #ebe9cf;\"><strong>Int\u00e9ress\u00e9(e) : <\/strong><\/span><a style=\"color: #c9a050;\" href=\"https:\/\/api.whatsapp.com\/send\/?phone=212674230584&amp;text=Bonjour+%2AHML+Artist%2A%21+Comment+proc\u00e9der+pour+acheter+Shyness?+ https%3A%2F%2Fhmlartist.com%2F\/product\/shyness\/\">Contact<\/a><\/p>\n<p>&nbsp;<\/p>","protected":false},"featured_media":5437,"template":"","meta":{"_joinchat":[]},"product_brand":[],"product_cat":[101,98,83,93],"product_tag":[],"class_list":{"0":"post-5574","1":"product","2":"type-product","3":"status-publish","4":"has-post-thumbnail","6":"product_cat-120-x-100-cm","7":"product_cat-98","8":"product_cat-colorful-joy","9":"product_cat-oil-on-canvas","11":"first","12":"instock","13":"sold-individually","14":"shipping-taxable","15":"product-type-simple"},"_links":{"self":[{"href":"https:\/\/hmlartist.com\/fr\/wp-json\/wp\/v2\/product\/5574","targetHints":{"allow":["GET"]}}],"collection":[{"href":"https:\/\/hmlartist.com\/fr\/wp-json\/wp\/v2\/product"}],"about":[{"href":"https:\/\/hmlartist.com\/fr\/wp-json\/wp\/v2\/types\/product"}],"version-history":[{"count":11,"href":"https:\/\/hmlartist.com\/fr\/wp-json\/wp\/v2\/product\/5574\/revisions"}],"predecessor-version":[{"id":7716,"href":"https:\/\/hmlartist.com\/fr\/wp-json\/wp\/v2\/product\/5574\/revisions\/7716"}],"wp:featuredmedia":[{"embeddable":true,"href":"https:\/\/hmlartist.com\/fr\/wp-json\/wp\/v2\/media\/5437"}],"wp:attachment":[{"href":"https:\/\/hmlartist.com\/fr\/wp-json\/wp\/v2\/media?parent=5574"}],"wp:term":[{"taxonomy":"product_brand","embeddable":true,"href":"https:\/\/hmlartist.com\/fr\/wp-json\/wp\/v2\/product_brand?post=5574"},{"taxonomy":"product_cat","embeddable":true,"href":"https:\/\/hmlartist.com\/fr\/wp-json\/wp\/v2\/product_cat?post=5574"},{"taxonomy":"product_tag","embeddable":true,"href":"https:\/\/hmlartist.com\/fr\/wp-json\/wp\/v2\/product_tag?post=5574"}],"curies":[{"name":"wp","href":"https:\/\/api.w.org\/{rel}","templated":true}]}}