{"id":5610,"date":"2023-07-09T19:50:05","date_gmt":"2023-07-09T19:50:05","guid":{"rendered":"https:\/\/hmlartist.com\/?post_type=product&#038;p=5610"},"modified":"2024-04-01T23:06:28","modified_gmt":"2024-04-01T23:06:28","slug":"sunflowers","status":"publish","type":"product","link":"https:\/\/hmlartist.com\/fr\/product\/sunflowers\/","title":{"rendered":"Sunflowers"},"content":{"rendered":"<p><span style=\"font-weight: 400;\"><span style=\"color: #ebe9cf;\"><strong>Technique<\/strong> <\/span> Peinture \u00e0 l\u2019huile sur toile\u00a0<\/span><\/p>\n<p><span style=\"font-weight: 400;\"><span style=\"font-weight: 400; color: #ebe9cf;\"><strong>Dimensions<\/strong><\/span> : 120 x 100 cm<\/span><\/p>\n<p><span style=\"font-weight: 400;\"><strong><span style=\"color: #ebe9cf;\">Support<\/span> <\/strong>Toile en coton pr\u00e9par\u00e9e \u00e0 la main\u00a0<\/span><\/p>\n<p><span style=\"font-weight: 400;\"><strong><span style=\"color: #ebe9cf;\">Encadrement<\/span><\/strong> Ch\u00e2ssis en bois solide\u00a0<\/span><\/p>\n<p><span style=\"font-weight: 400;\"><strong><span style=\"color: #ebe9cf;\">Signature<\/span><\/strong> Oeuvre unique, originale, d\u00e9livr\u00e9e avec certificat d\u2019authenticit\u00e9<\/span><\/p>\n<p><span style=\"font-weight: 400;\"><span style=\"font-weight: 400; color: #ebe9cf;\"><strong>Ann\u00e9e de cr\u00e9ation<\/strong><\/span> : 2023<\/span><\/p>\n<p>&nbsp;<\/p>\n<p>&nbsp;<\/p>","protected":false},"excerpt":{"rendered":"<p style=\"text-align: justify;\"><span style=\"font-weight: 400;\">Dans ce tableau artistique d'une vivacit\u00e9 \u00e9clatante, une femme s'\u00e9panouit au milieu d'un champ de tournesols, baign\u00e9e par les doux rayons du soleil couchant lors d'une soir\u00e9e estivale. Les couleurs vibrantes et les formes imbriqu\u00e9es cr\u00e9ent une composition visuelle dynamique, \u00e9voquant la l\u00e9g\u00e8ret\u00e9, la s\u00e9r\u00e9nit\u00e9 et la joie qui \u00e9manent de cette sc\u00e8ne enchanteresse. La femme, captiv\u00e9e par l'atmosph\u00e8re chaleureuse, se laisse impr\u00e9gner par l'\u00e9nergie et la beaut\u00e9 de cet instant pr\u00e9cieux, exprimant une harmonie parfaite avec la nature et un profond sentiment de bonheur.<\/span><\/p>\n<p><span style=\"color: #ebe9cf;\"><strong>Int\u00e9ress\u00e9(e) : <\/strong><\/span><a style=\"color: #c9a050;\" href=\"https:\/\/api.whatsapp.com\/send\/?phone=212674230584&amp;text=Bonjour+%2AHML+Artist%2A%21+Comment+proc\u00e9der+pour+acheter+Sunflowers?+ https%3A%2F%2Fhmlartist.com%2F\/product\/sunflowers\/\">Contact<\/a><\/p>\n<p>&nbsp;<\/p>","protected":false},"featured_media":5455,"template":"","meta":{"_joinchat":[]},"product_brand":[],"product_cat":[101,98,83,93],"product_tag":[],"class_list":{"0":"post-5610","1":"product","2":"type-product","3":"status-publish","4":"has-post-thumbnail","6":"product_cat-120-x-100-cm","7":"product_cat-98","8":"product_cat-colorful-joy","9":"product_cat-oil-on-canvas","11":"first","12":"instock","13":"sold-individually","14":"shipping-taxable","15":"product-type-simple"},"_links":{"self":[{"href":"https:\/\/hmlartist.com\/fr\/wp-json\/wp\/v2\/product\/5610","targetHints":{"allow":["GET"]}}],"collection":[{"href":"https:\/\/hmlartist.com\/fr\/wp-json\/wp\/v2\/product"}],"about":[{"href":"https:\/\/hmlartist.com\/fr\/wp-json\/wp\/v2\/types\/product"}],"version-history":[{"count":9,"href":"https:\/\/hmlartist.com\/fr\/wp-json\/wp\/v2\/product\/5610\/revisions"}],"predecessor-version":[{"id":7714,"href":"https:\/\/hmlartist.com\/fr\/wp-json\/wp\/v2\/product\/5610\/revisions\/7714"}],"wp:featuredmedia":[{"embeddable":true,"href":"https:\/\/hmlartist.com\/fr\/wp-json\/wp\/v2\/media\/5455"}],"wp:attachment":[{"href":"https:\/\/hmlartist.com\/fr\/wp-json\/wp\/v2\/media?parent=5610"}],"wp:term":[{"taxonomy":"product_brand","embeddable":true,"href":"https:\/\/hmlartist.com\/fr\/wp-json\/wp\/v2\/product_brand?post=5610"},{"taxonomy":"product_cat","embeddable":true,"href":"https:\/\/hmlartist.com\/fr\/wp-json\/wp\/v2\/product_cat?post=5610"},{"taxonomy":"product_tag","embeddable":true,"href":"https:\/\/hmlartist.com\/fr\/wp-json\/wp\/v2\/product_tag?post=5610"}],"curies":[{"name":"wp","href":"https:\/\/api.w.org\/{rel}","templated":true}]}}