{"id":5614,"date":"2023-07-09T19:52:21","date_gmt":"2023-07-09T19:52:21","guid":{"rendered":"https:\/\/hmlartist.com\/?post_type=product&#038;p=5614"},"modified":"2024-04-01T23:05:54","modified_gmt":"2024-04-01T23:05:54","slug":"horizon","status":"publish","type":"product","link":"https:\/\/hmlartist.com\/fr\/product\/horizon\/","title":{"rendered":"Horizon"},"content":{"rendered":"<p><span style=\"font-weight: 400;\"><span style=\"color: #ebe9cf;\"><strong>Technique<\/strong> <\/span> Peinture \u00e0 l\u2019huile sur toile\u00a0<\/span><\/p>\n<p><span style=\"font-weight: 400;\"><span style=\"font-weight: 400; color: #ebe9cf;\"><strong>Dimensions<\/strong><\/span> : 100 x 100 cm<\/span><\/p>\n<p><span style=\"font-weight: 400;\"><strong><span style=\"color: #ebe9cf;\">Support<\/span> <\/strong>Toile en coton pr\u00e9par\u00e9e \u00e0 la main\u00a0<\/span><\/p>\n<p><span style=\"font-weight: 400;\"><strong><span style=\"color: #ebe9cf;\">Encadrement<\/span><\/strong> Ch\u00e2ssis en bois solide\u00a0<\/span><\/p>\n<p><span style=\"font-weight: 400;\"><strong><span style=\"color: #ebe9cf;\">Signature<\/span><\/strong> Oeuvre unique, originale, d\u00e9livr\u00e9e avec certificat d\u2019authenticit\u00e9<\/span><\/p>\n<p><span style=\"font-weight: 400;\"><span style=\"font-weight: 400; color: #ebe9cf;\"><strong>Ann\u00e9e de cr\u00e9ation<\/strong><\/span> : 2023<\/span><\/p>\n<p>&nbsp;<\/p>","protected":false},"excerpt":{"rendered":"<p style=\"text-align: justify;\"><span style=\"font-weight: 400;\">Dans ce tableau artistique d'une splendeur vibrante, une femme s'installe avec gr\u00e2ce sur un mur en plein champ, entour\u00e9e de couleurs verdoyantes et dor\u00e9es. Elle fixe l'horizon avec d\u00e9termination, tandis qu'un coucher de soleil r\u00e9chauffe doucement l'atmosph\u00e8re. Les formes circulaires fragment\u00e9es se fondent harmonieusement avec les teintes chatoyantes, cr\u00e9ant une sc\u00e8ne o\u00f9 la femme embrasse pleinement la qui\u00e9tude et la beaut\u00e9 d'une soir\u00e9e d'\u00e9t\u00e9, laissant les rayons du soleil caresser son \u00eatre<\/span><\/p>\n<p><span style=\"color: #ebe9cf;\"><strong>Int\u00e9ress\u00e9(e) : <\/strong><\/span><a style=\"color: #c9a050;\" href=\"https:\/\/api.whatsapp.com\/send\/?phone=212674230584&amp;text=Bonjour+%2AHML+Artist%2A%21+Comment+proc\u00e9der+pour+acheter+Horizon?+ https%3A%2F%2Fhmlartist.com%2F\/product\/horizon\/\">Contact<\/a><\/p>\n<p>&nbsp;<\/p>","protected":false},"featured_media":5450,"template":"","meta":{"_joinchat":[]},"product_brand":[],"product_cat":[88,98,87,83,93],"product_tag":[],"class_list":{"0":"post-5614","1":"product","2":"type-product","3":"status-publish","4":"has-post-thumbnail","6":"product_cat-100-x-100-cm","7":"product_cat-98","8":"product_cat-dimension","9":"product_cat-colorful-joy","10":"product_cat-oil-on-canvas","12":"first","13":"instock","14":"sold-individually","15":"shipping-taxable","16":"product-type-simple"},"_links":{"self":[{"href":"https:\/\/hmlartist.com\/fr\/wp-json\/wp\/v2\/product\/5614","targetHints":{"allow":["GET"]}}],"collection":[{"href":"https:\/\/hmlartist.com\/fr\/wp-json\/wp\/v2\/product"}],"about":[{"href":"https:\/\/hmlartist.com\/fr\/wp-json\/wp\/v2\/types\/product"}],"version-history":[{"count":9,"href":"https:\/\/hmlartist.com\/fr\/wp-json\/wp\/v2\/product\/5614\/revisions"}],"predecessor-version":[{"id":7713,"href":"https:\/\/hmlartist.com\/fr\/wp-json\/wp\/v2\/product\/5614\/revisions\/7713"}],"wp:featuredmedia":[{"embeddable":true,"href":"https:\/\/hmlartist.com\/fr\/wp-json\/wp\/v2\/media\/5450"}],"wp:attachment":[{"href":"https:\/\/hmlartist.com\/fr\/wp-json\/wp\/v2\/media?parent=5614"}],"wp:term":[{"taxonomy":"product_brand","embeddable":true,"href":"https:\/\/hmlartist.com\/fr\/wp-json\/wp\/v2\/product_brand?post=5614"},{"taxonomy":"product_cat","embeddable":true,"href":"https:\/\/hmlartist.com\/fr\/wp-json\/wp\/v2\/product_cat?post=5614"},{"taxonomy":"product_tag","embeddable":true,"href":"https:\/\/hmlartist.com\/fr\/wp-json\/wp\/v2\/product_tag?post=5614"}],"curies":[{"name":"wp","href":"https:\/\/api.w.org\/{rel}","templated":true}]}}