{"id":6144,"date":"2023-07-14T16:26:20","date_gmt":"2023-07-14T16:26:20","guid":{"rendered":"https:\/\/hmlartist.com\/?post_type=product&#038;p=6144"},"modified":"2024-04-01T23:05:19","modified_gmt":"2024-04-01T23:05:19","slug":"sunset","status":"publish","type":"product","link":"https:\/\/hmlartist.com\/fr\/product\/sunset\/","title":{"rendered":"Sunset"},"content":{"rendered":"<p><span style=\"font-weight: 400;\"><span style=\"color: #ebe9cf;\"><strong>Technique<\/strong> <\/span> Peinture \u00e0 l\u2019huile sur toile\u00a0<\/span><\/p>\n<p><span style=\"font-weight: 400;\"><span style=\"font-weight: 400; color: #ebe9cf;\"><strong>Dimensions<\/strong><\/span> : 100 x 100 cm<\/span><\/p>\n<p><span style=\"font-weight: 400;\"><strong><span style=\"color: #ebe9cf;\">Support<\/span> <\/strong>Toile en coton pr\u00e9par\u00e9e \u00e0 la main\u00a0<\/span><\/p>\n<p><span style=\"font-weight: 400;\"><strong><span style=\"color: #ebe9cf;\">Encadrement<\/span><\/strong> Ch\u00e2ssis en bois solide\u00a0<\/span><\/p>\n<p><span style=\"font-weight: 400;\"><strong><span style=\"color: #ebe9cf;\">Signature<\/span><\/strong> Oeuvre unique, originale, d\u00e9livr\u00e9e avec certificat d\u2019authenticit\u00e9<\/span><\/p>\n<p><span style=\"font-weight: 400;\"><span style=\"font-weight: 400; color: #ebe9cf;\"><strong>Ann\u00e9e de cr\u00e9ation<\/strong><\/span> : 2023<\/span><\/p>\n<p>&nbsp;<\/p>\n<p>&nbsp;<\/p>","protected":false},"excerpt":{"rendered":"<p style=\"text-align: justify;\"><span style=\"font-weight: 400;\">Dans ce tableau artistique vibrant de couleurs, une femme s'\u00e9l\u00e8ve majestueusement devant un magnifique coucher de soleil qui encadre la Tour Eiffel. Les formes fragment\u00e9es fusionnent avec les nuances chatoyantes du ciel, cr\u00e9ant une composition visuelle captivante. La femme, \u00e9nigmatique et solennelle, semble absorber la grandeur de l'instant, invitant le spectateur \u00e0 partager son \u00e9merveillement devant la beaut\u00e9 iconique de Paris et les merveilles de la nature.<\/span><\/p>\n<p><span style=\"color: #ebe9cf;\"><strong>Int\u00e9ress\u00e9(e) : <\/strong><\/span><a style=\"color: #c9a050;\" href=\"https:\/\/api.whatsapp.com\/send\/?phone=212674230584&amp;text=Bonjour+%2AHML+Artist%2A%21+Comment+proc\u00e9der+pour+acheter+Sunset?+ https%3A%2F%2Fhmlartist.com%2F\/product\/sunset\/\">Contact<\/a><\/p>\n<p>&nbsp;<\/p>","protected":false},"featured_media":5461,"template":"","meta":{"_joinchat":[]},"product_brand":[],"product_cat":[88,98,87,83,93],"product_tag":[],"class_list":{"0":"post-6144","1":"product","2":"type-product","3":"status-publish","4":"has-post-thumbnail","6":"product_cat-100-x-100-cm","7":"product_cat-98","8":"product_cat-dimension","9":"product_cat-colorful-joy","10":"product_cat-oil-on-canvas","12":"first","13":"instock","14":"sold-individually","15":"shipping-taxable","16":"product-type-simple"},"_links":{"self":[{"href":"https:\/\/hmlartist.com\/fr\/wp-json\/wp\/v2\/product\/6144","targetHints":{"allow":["GET"]}}],"collection":[{"href":"https:\/\/hmlartist.com\/fr\/wp-json\/wp\/v2\/product"}],"about":[{"href":"https:\/\/hmlartist.com\/fr\/wp-json\/wp\/v2\/types\/product"}],"version-history":[{"count":9,"href":"https:\/\/hmlartist.com\/fr\/wp-json\/wp\/v2\/product\/6144\/revisions"}],"predecessor-version":[{"id":7712,"href":"https:\/\/hmlartist.com\/fr\/wp-json\/wp\/v2\/product\/6144\/revisions\/7712"}],"wp:featuredmedia":[{"embeddable":true,"href":"https:\/\/hmlartist.com\/fr\/wp-json\/wp\/v2\/media\/5461"}],"wp:attachment":[{"href":"https:\/\/hmlartist.com\/fr\/wp-json\/wp\/v2\/media?parent=6144"}],"wp:term":[{"taxonomy":"product_brand","embeddable":true,"href":"https:\/\/hmlartist.com\/fr\/wp-json\/wp\/v2\/product_brand?post=6144"},{"taxonomy":"product_cat","embeddable":true,"href":"https:\/\/hmlartist.com\/fr\/wp-json\/wp\/v2\/product_cat?post=6144"},{"taxonomy":"product_tag","embeddable":true,"href":"https:\/\/hmlartist.com\/fr\/wp-json\/wp\/v2\/product_tag?post=6144"}],"curies":[{"name":"wp","href":"https:\/\/api.w.org\/{rel}","templated":true}]}}