{"id":7515,"date":"2023-09-20T20:20:50","date_gmt":"2023-09-20T20:20:50","guid":{"rendered":"https:\/\/hmlartist.com\/?post_type=product&#038;p=7515"},"modified":"2024-04-01T22:59:07","modified_gmt":"2024-04-01T22:59:07","slug":"emerald","status":"publish","type":"product","link":"https:\/\/hmlartist.com\/fr\/product\/emerald\/","title":{"rendered":"Emerald"},"content":{"rendered":"<p><span style=\"font-weight: 400;\"><span style=\"color: #ebe9cf;\"><strong>Technique<\/strong> <\/span> Peinture \u00e0 l\u2019huile sur toile\u00a0<\/span><\/p>\n<p><span style=\"font-weight: 400;\"><span style=\"font-weight: 400; color: #ebe9cf;\"><strong>Dimensions<\/strong><\/span> : 120 x 100 cm<\/span><\/p>\n<p><span style=\"font-weight: 400;\"><strong><span style=\"color: #ebe9cf;\">Support<\/span> <\/strong>Toile en coton pr\u00e9par\u00e9e \u00e0 la main\u00a0<\/span><\/p>\n<p><span style=\"font-weight: 400;\"><strong><span style=\"color: #ebe9cf;\">Encadrement<\/span><\/strong> Ch\u00e2ssis en bois solide\u00a0<\/span><\/p>\n<p><span style=\"font-weight: 400;\"><strong><span style=\"color: #ebe9cf;\">Signature<\/span><\/strong> Oeuvre unique, originale, d\u00e9livr\u00e9e avec certificat d\u2019authenticit\u00e9<\/span><\/p>\n<p><span style=\"font-weight: 400;\"><span style=\"font-weight: 400; color: #ebe9cf;\"><strong>Ann\u00e9e de cr\u00e9ation<\/strong><\/span> : 2023<\/span><\/p>\n<p>&nbsp;<\/p>\n<p>&nbsp;<\/p>","protected":false},"excerpt":{"rendered":"<p style=\"text-align: justify;\">In this captivating artwork, emerald green water bubbles in the depths are pierced by a ray of sunlight. The bubbles appear as ephemeral gems, their emerald green radiance shimmering under the warm embrace of light, creating a painting of both mystique and enchantment.<\/p>\n<p><span style=\"color: #ebe9cf;\"><strong>Int\u00e9ress\u00e9(e) : <\/strong><\/span><a style=\"color: #c9a050;\" href=\"https:\/\/api.whatsapp.com\/send\/?phone=212674230584&amp;text=Bonjour+%2AHML+Artist%2A%21+Comment+proc\u00e9der+pour+acheter+Emerald?+https%3A%2F%2Fhmlartist.com%2F\/product\/emerald\/\">Contact<\/a><\/p>\n<p>&nbsp;<\/p>","protected":false},"featured_media":7597,"template":"","meta":{"_joinchat":[]},"product_brand":[],"product_cat":[101,98,90,93,84],"product_tag":[],"class_list":{"0":"post-7515","1":"product","2":"type-product","3":"status-publish","4":"has-post-thumbnail","6":"product_cat-120-x-100-cm","7":"product_cat-98","8":"product_cat-by-collection","9":"product_cat-oil-on-canvas","10":"product_cat-treasure","12":"first","13":"instock","14":"shipping-taxable","15":"product-type-simple"},"_links":{"self":[{"href":"https:\/\/hmlartist.com\/fr\/wp-json\/wp\/v2\/product\/7515","targetHints":{"allow":["GET"]}}],"collection":[{"href":"https:\/\/hmlartist.com\/fr\/wp-json\/wp\/v2\/product"}],"about":[{"href":"https:\/\/hmlartist.com\/fr\/wp-json\/wp\/v2\/types\/product"}],"version-history":[{"count":5,"href":"https:\/\/hmlartist.com\/fr\/wp-json\/wp\/v2\/product\/7515\/revisions"}],"predecessor-version":[{"id":7708,"href":"https:\/\/hmlartist.com\/fr\/wp-json\/wp\/v2\/product\/7515\/revisions\/7708"}],"wp:featuredmedia":[{"embeddable":true,"href":"https:\/\/hmlartist.com\/fr\/wp-json\/wp\/v2\/media\/7597"}],"wp:attachment":[{"href":"https:\/\/hmlartist.com\/fr\/wp-json\/wp\/v2\/media?parent=7515"}],"wp:term":[{"taxonomy":"product_brand","embeddable":true,"href":"https:\/\/hmlartist.com\/fr\/wp-json\/wp\/v2\/product_brand?post=7515"},{"taxonomy":"product_cat","embeddable":true,"href":"https:\/\/hmlartist.com\/fr\/wp-json\/wp\/v2\/product_cat?post=7515"},{"taxonomy":"product_tag","embeddable":true,"href":"https:\/\/hmlartist.com\/fr\/wp-json\/wp\/v2\/product_tag?post=7515"}],"curies":[{"name":"wp","href":"https:\/\/api.w.org\/{rel}","templated":true}]}}